{"id":408,"date":"2026-02-19T10:17:07","date_gmt":"2026-02-19T10:17:07","guid":{"rendered":"https:\/\/www.studiotecnicoiannone.it\/?page_id=408"},"modified":"2026-02-19T20:56:28","modified_gmt":"2026-02-19T20:56:28","slug":"informativa-privacy","status":"publish","type":"page","link":"https:\/\/www.studiotecnicoiannone.it\/index.php\/informativa-privacy\/","title":{"rendered":"Informativa privacy"},"content":{"rendered":"\n<p><\/p>\n\n\n\n<p>Gentile utente, questo sito web raccoglie alcuni Dati Personali dei propri Utenti.<br>Per metterla al corrente dell&#8217;uso e della conservazione di tali informazioni, conformemente a quanto previsto dalle normative vigenti in tema di trattamento dei dati personali, la invitiamo a prendere visione del presente documento.<\/p>\n\n\n\n<p>(Data dell&#8217;ultima revisione: 25 maggio 2018)<\/p>\n\n\n\n<p><strong>Titolare del trattamento dei dati \u00e8 il titolare di questo sito web \u00e8 lo STUDIO TECNICO IANNONE (dati di contatto riportati nell\u2019area contatti<\/strong>).<\/p>\n\n\n\n<p><strong>Tipologie di Dati raccolti<\/strong><\/p>\n\n\n\n<p>Fra i Dati Personali raccolti da questo sito web, in modo autonomo o tramite terze parti, ci sono: Cookie, Dati di utilizzo, numero di telefono, Varie tipologie di Dati, email, nome, cognome, professione, provincia, stato, nazione, CAP, sesso. I Dati Personali possono essere inseriti volontariamente dall&#8217;Utente, oppure raccolti in modo automatico durante la consultazione di questo sito web. L&#8217;eventuale utilizzo di Cookie &#8211; o di altri strumenti di tracciamento &#8211; da parte di questo sito web o dei titolari dei servizi terzi utilizzati da, ove non diversamente precisato, ha la finalit\u00e0 di identificare l&#8217;Utente e registrare le relative preferenze per finalit\u00e0 strettamente legate all&#8217;erogazione del servizio richiesto dall&#8217;Utente.<\/p>\n\n\n\n<p><strong>Modalit\u00e0 e luogo del trattamento dei Dati raccolti<\/strong><\/p>\n\n\n\n<p>Il Titolare del sito web tratta i Dati Personali degli Utenti adottando le opportune misure di sicurezza volte ad impedire l&#8217;accesso, la divulgazione, la modifica o la distruzione non autorizzate dei Dati Personali. Il trattamento viene effettuato mediante strumenti informatici e\/o telematici, con modalit\u00e0 organizzative e con logiche strettamente correlate alle finalit\u00e0 indicate. Oltre al Titolare, in alcuni casi, potrebbero avere accesso ai Dati categorie di incaricati coinvolti nell&#8217;organizzazione del sito (personale amministrativo, commerciale, marketing, legali, amministratori di sistema) ovvero soggetti esterni (come fornitori di servizi tecnici terzi, hosting provider, societ\u00e0 informatiche, agenzie di comunicazione) nominati anche, se necessario, Responsabili del Trattamento da parte del Titolare. L&#8217;elenco aggiornato dei Responsabili potr\u00e0 sempre essere richiesto al Titolare del Trattamento.<\/p>\n\n\n\n<p><strong>Luogo<\/strong><\/p>\n\n\n\n<p>I Dati sono trattati presso le sedi operative del Titolare ed in ogni altro luogo in cui le parti coinvolte nel trattamento siano localizzate. Per ulteriori informazioni, contatta il Titolare.<\/p>\n\n\n\n<p><strong>Tempi<\/strong><\/p>\n\n\n\n<p>I Dati sono trattati per il tempo necessario allo svolgimento del servizio richiesto dall&#8217;Utente, o richiesto dalle finalit\u00e0 descritte in questo documento, e l&#8217;Utente pu\u00f2 sempre chiedere l&#8217;interruzione del Trattamento o la cancellazione dei Dati.<\/p>\n\n\n\n<p><strong>Finalit\u00e0 del Trattamento dei Dati raccolti<\/strong><\/p>\n\n\n\n<p>I Dati dell&#8217;Utente sono raccolti per consentire al Titolare di fornire i propri servizi, cos\u00ec come per le seguenti finalit\u00e0: remarketing, prendere contatto con l&#8217;utente, pubblicit\u00e0, statistica, gestione indirizzi e invio di messaggi email.<\/p>\n\n\n\n<p><strong>Contattare l&#8217;Utente<\/strong><\/p>\n\n\n\n<p>Contatto via telefono oppure via mail come richiesto dal utente stesso. Gli Utenti che hanno fornito il proprio numero di telefono potrebbero essere contattati per finalit\u00e0 commerciali o promozionali collegate a questo sito web, cos\u00ec come per soddisfare richieste di supporto. Dati personali raccolti: numero di telefono.<\/p>\n\n\n\n<p><strong>Mailing List e contatto mail<\/strong><\/p>\n\n\n\n<p>Con la registrazione alla mailing list o alla newsletter, l&#8217;indirizzo email dell&#8217;Utente viene automaticamente inserito in una lista di contatti a cui potranno essere trasmessi messaggi email contenenti informazioni, anche di natura commerciale e promozionale, relative a questo sito web. Dati personali raccolti: CAP, citt\u00e0, cognome, cookie, dati di utilizzo, email, nazione, nome, numero di telefono, professione, provincia, sesso e stato.<br><strong>Gestione indirizzi e invio di messaggi email<\/strong><br>Questo tipo di servizi consente di gestire un database di contatti email, contatti telefonici o contatti di qualunque altro tipo, utilizzati per comunicare con l&#8217;utente. Questi servizi potrebbero inoltre consentire di raccogliere dati relativi all&#8217;interazione con l&#8217;utente.<\/p>\n\n\n\n<p><strong>Mappatura del comportamento di consultazione sul sito<\/strong><\/p>\n\n\n\n<p>I servizi sono utilizzati per individuare quali aree di una pagina sono oggetto del passaggio del cursore o di click del mouse in modo da rilevare quali di esse attraggono il maggior interesse. Questi servizi permettono di monitorare e analizzare i dati di traffico e servono a tener traccia del comportamento dell&#8217;Utente.<\/p>\n\n\n\n<p><strong>Interazione con social network e piattaforme esterne<\/strong><\/p>\n\n\n\n<p>Questo tipo di servizi permettono di effettuare interazioni con i social network, o con altre piattaforme esterne, direttamente dalle pagine di questo sito web. Le interazioni e le informazioni acquisite da questo sito web sono in ogni caso soggette alle impostazioni privacy dell&#8217;Utente relative ad ogni social network. Nel caso in cui sia installato un servizio di interazione con i social network, \u00e8 possibile che, anche nel caso gli Utenti non utilizzino il servizio, lo stesso raccolga dati di traffico relativi alle pagine in cui \u00e8 installato.<\/p>\n\n\n\n<p><strong>Pulsante WhatsApp (WhatsApp Ireland Limited)<\/strong><br>Il pulsante WhatsApp \u00e8 un servizio di interazione con il social network WhatsApp, fornito da WhatsApp Ireland Limited.<br>Dati Personali raccolti: Cookie e Dati di Utilizzo.<br>Luogo del trattamento: Irlanda&nbsp;<\/p>\n\n\n\n<p><strong>Pulsante +1 e widget sociali di Google+ (Google Inc.)<\/strong><br><em>Il pulsante +1 e i widget sociali di Google+ sono servizi di interazione con il social network Google+, forniti da Google Inc.<br>Dati personali raccolti: Cookie e Dati di utilizzo.<br>Luogo del trattamento: USA<br><\/em><strong>Pulsante e widget sociali di Facebook (Facebook, Inc.)<\/strong><em><br>Il pulsante \u201cMi Piace\u201d e i widget sociali di Facebook sono servizi di interazione con il social network Facebook, forniti da Facebook, Inc.<br>Dati personali raccolti: Cookie e Dati di utilizzo.<br>Luogo del trattamento: USA<\/em><\/p>\n\n\n\n<p><strong>Statistica<\/strong><\/p>\n\n\n\n<p>I servizi contenuti nella presente sezione permettono al Titolare del Trattamento di monitorare e analizzare i dati di traffico e servono a tener traccia del comportamento dell&#8217;Utente.<\/p>\n\n\n\n<p><strong>Difesa in giudizio<\/strong><\/p>\n\n\n\n<p>I Dati Personali dell&#8217;Utente possono essere utilizzati per la difesa da parte del Titolare in giudizio o nelle fasi propedeutiche alla sua eventuale instaurazione, da abusi nell&#8217;utilizzo della stessa o dei servizi connessi da parte dell&#8217;Utente. L&#8217;Utente dichiara di essere consapevole che il Titolare potrebbe essere richiesto di rivelare i Dati su richiesta delle pubbliche autorit\u00e0.<\/p>\n\n\n\n<p><strong>Log di sistema e manutenzione<\/strong><\/p>\n\n\n\n<p>Per necessit\u00e0 legate al funzionamento ed alla manutenzione, questo sito web e gli eventuali servizi terzi da essa utilizzati potrebbero raccogliere Log di sistema, ossia file che registrano le interazioni e che possono contenere anche Dati Personali, quali l&#8217;indirizzo IP Utente.<\/p>\n\n\n\n<p><strong>Informazioni non contenute in questa policy<\/strong><\/p>\n\n\n\n<p>Maggiori informazioni in relazione al trattamento dei Dati Personali potranno essere richieste in qualsiasi momento al Titolare del Trattamento utilizzando le informazioni di contatto.<\/p>\n\n\n\n<p><strong>Esercizio dei diritti da parte degli Utenti<\/strong><\/p>\n\n\n\n<p>I soggetti cui si riferiscono i Dati Personali hanno il diritto in qualunque momento di ottenere la conferma dell&#8217;esistenza o meno degli stessi presso il Titolare del Trattamento, di conoscerne il contenuto e l&#8217;origine, di richiedere una copia di tutti i dati trattati, di verificarne l&#8217;esattezza o chiedere l&#8217;integrazione, la cancellazione dell&#8217;account e dei dati trattati, l&#8217;aggiornamento, la rettifica, la trasformazione in forma anonima o il blocco e cancellazione dei Dati Personali. Le richieste vanno rivolte al Titolare del Trattamento.<\/p>\n\n\n\n<p><strong>Modifiche a questa privacy policy<\/strong><\/p>\n\n\n\n<p>Il Titolare del Trattamento si riserva il diritto di apportare modifiche alla presente privacy policy in qualunque momento dandone pubblicit\u00e0 agli Utenti su questa pagina.<\/p>\n\n\n\n<p><strong>Definizioni e riferimenti legali<\/strong><\/p>\n\n\n\n<p><strong>Dati Personali (o Dati)<\/strong><\/p>\n\n\n\n<p>Costituisce dato personale qualunque informazione relativa a persona fisica, identificata o identificabile, anche indirettamente, mediante riferimento a qualsiasi altra informazione, ivi compreso un numero di identificazione personale.<\/p>\n\n\n\n<p><strong>Dati di Utilizzo<\/strong><\/p>\n\n\n\n<p>Sono le informazioni raccolti in maniera automatica o per richiesta dell&#8217;utente di questo sito web tra le quali: gli indirizzi IP o i nomi a dominio dei computer utilizzati dall&#8217;Utente visita il sito web, gli indirizzi in notazione URI (Uniform Resource Identifier), l&#8217;orario della richiesta, il metodo utilizzato nel sottoporre la richiesta al titolare del sito, le caratteristiche del browser e del sistema operativo utilizzati dal visitatore, le varie connotazioni temporali della visita (ad esempio il tempo di permanenza su ciascuna pagina) e i dettagli relativi alla sequenza delle pagine consultate, ai parametri relativi al sistema operativo e all&#8217;ambiente informatico dell&#8217;Utente.<\/p>\n\n\n\n<p><strong>Utente<\/strong><\/p>\n\n\n\n<p>L&#8217;individuo che consulta questo sito web.<\/p>\n\n\n\n<p><strong>Interessato<\/strong><\/p>\n\n\n\n<p>La persona fisica o giuridica cui si riferiscono i Dati Personali.<\/p>\n\n\n\n<p><strong>Responsabile del Trattamento (o Responsabile)<\/strong><\/p>\n\n\n\n<p>La persona fisica, giuridica, la pubblica amministrazione e qualsiasi altro ente, associazione od organismo preposti dal Titolare al trattamento dei Dati Personali, secondo quanto predisposto dalla presente privacy policy.<\/p>\n\n\n\n<p><strong>Titolare del Trattamento (o Titolare)<\/strong><\/p>\n\n\n\n<p>La persona fisica, giuridica, la pubblica amministrazione e qualsiasi altro ente, associazione od organismo cui competono, anche unitamente ad altro titolare, le decisioni in ordine alle finalit\u00e0, alle modalit\u00e0 del trattamento di dati personali ed agli strumenti utilizzati, ivi compreso il profilo della sicurezza, in relazione al funzionamento e alla fruizione di questo sito web.<\/p>\n\n\n\n<p><strong>Questa Sito Web<\/strong><\/p>\n\n\n\n<p>Strumento per la pubblicazione di informazioni di natura pubblica o privata per mezzo di trasferimento dati su rete internet e visualizzati per mezzo di software informatici comunemente noti come internet browser.<\/p>\n\n\n\n<p><strong>Cookie<\/strong><\/p>\n\n\n\n<p>Piccola porzione di dati conservata all&#8217;interno del dispositivo dell&#8217;Utente.<\/p>\n\n\n\n<p><strong>Riferimenti legali<\/strong><\/p>\n\n\n\n<p>Avviso agli Utenti europei: la presente informativa privacy \u00e8 redatta in adempimento degli obblighi previsti dall&#8217;Art. 10 della Direttiva n. 95\/46\/CE, nonch\u00e9 a quanto previsto dalla Direttiva 2002\/58\/CE, come aggiornata dalla Direttiva 2009\/136\/CE, in materia di Cookie. Questa informativa privacy riguarda esclusivamente questo sito web.<\/p>\n\n\n\n<p class=\"has-text-align-center has-palette-color-4-color has-text-color has-link-color wp-elements-26b55dfc3b0f75d7da04493205895250\">\u00a9 2026 Studio Tecnico Iannone. Tutti i diritti riservati.<br>Viale Certosa, 143 &#8211; 20151 MIlano (MI) \u00b7 P. IVA 12451910157<\/p>\n\n\n\n<p><\/p>\n","protected":false},"excerpt":{"rendered":"<p>Gentile utente, questo sito web raccoglie alcuni Dati Personali dei propri Utenti.Per metterla al corrente dell&#8217;uso e della conservazione di tali informazioni, conformemente a quanto previsto dalle normative vigenti in tema di trattamento dei dati personali, la invitiamo a prendere visione del presente documento. (Data dell&#8217;ultima revisione: 25 maggio 2018) Titolare del trattamento dei dati [&hellip;]<\/p>\n","protected":false},"author":1,"featured_media":0,"parent":0,"menu_order":0,"comment_status":"closed","ping_status":"closed","template":"","meta":{"footnotes":""},"class_list":["post-408","page","type-page","status-publish","hentry"],"blocksy_meta":{"has_hero_section":"enabled","hero_elements":[{"id":"custom_title","enabled":true,"heading_tag":"h1","title":"Home","__id":"bwwL1Zy5MdYICV0U6Se-K","custom_attribute":"Informativa privacy"},{"id":"custom_description","enabled":true,"description_visibility":{"desktop":true,"tablet":true,"mobile":false},"__id":"9egLtOmrNlYpTx0RZmmf2"},{"id":"custom_meta","enabled":false,"meta_elements":[{"id":"author","enabled":true,"label":"Di","has_author_avatar":"yes","avatar_size":25},{"id":"post_date","enabled":true,"label":"On","date_format_source":"default","date_format":"M j, Y"},{"id":"updated_date","enabled":false,"label":"On","date_format_source":"default","date_format":"M j, Y"},{"id":"categories","enabled":false,"label":"In","style":"simple"},{"id":"comments","enabled":true}],"page_meta_elements":{"joined":true,"articles_count":true,"comments":true},"__id":"raOQr2XSt7jMp1-CwvCy5"},{"id":"breadcrumbs","enabled":false,"__id":"MBZTCasZFt6llJWSKcs5Y"}],"styles_descriptor":{"styles":{"desktop":"[data-prefix=\"single_page\"] .entry-header .page-title {--theme-font-size:40px;--theme-heading-color:var(--theme-palette-color-3);} [data-prefix=\"single_page\"] .entry-header .entry-meta {--theme-font-weight:600;--theme-text-transform:uppercase;--theme-font-size:12px;--theme-line-height:1.3;}","tablet":"","mobile":""},"google_fonts":[],"version":6},"pageTitleFont":{"family":"Default","variation":"Default","size":"40px","line-height":"CT_CSS_SKIP_RULE","letter-spacing":"CT_CSS_SKIP_RULE","text-transform":"CT_CSS_SKIP_RULE","text-decoration":"CT_CSS_SKIP_RULE"},"pageTitleFontColor":{"default":{"color":"var(--theme-palette-color-3)"}}},"_links":{"self":[{"href":"https:\/\/www.studiotecnicoiannone.it\/index.php\/wp-json\/wp\/v2\/pages\/408","targetHints":{"allow":["GET"]}}],"collection":[{"href":"https:\/\/www.studiotecnicoiannone.it\/index.php\/wp-json\/wp\/v2\/pages"}],"about":[{"href":"https:\/\/www.studiotecnicoiannone.it\/index.php\/wp-json\/wp\/v2\/types\/page"}],"author":[{"embeddable":true,"href":"https:\/\/www.studiotecnicoiannone.it\/index.php\/wp-json\/wp\/v2\/users\/1"}],"replies":[{"embeddable":true,"href":"https:\/\/www.studiotecnicoiannone.it\/index.php\/wp-json\/wp\/v2\/comments?post=408"}],"version-history":[{"count":21,"href":"https:\/\/www.studiotecnicoiannone.it\/index.php\/wp-json\/wp\/v2\/pages\/408\/revisions"}],"predecessor-version":[{"id":538,"href":"https:\/\/www.studiotecnicoiannone.it\/index.php\/wp-json\/wp\/v2\/pages\/408\/revisions\/538"}],"wp:attachment":[{"href":"https:\/\/www.studiotecnicoiannone.it\/index.php\/wp-json\/wp\/v2\/media?parent=408"}],"curies":[{"name":"wp","href":"https:\/\/api.w.org\/{rel}","templated":true}]}}